{"id":52,"date":"2020-09-30T22:55:09","date_gmt":"2020-09-30T20:55:09","guid":{"rendered":"http:\/\/web02.specifx.dk\/?product=import-placeholder-for-47"},"modified":"2020-12-06T20:03:48","modified_gmt":"2020-12-06T19:03:48","slug":"t-shirt","status":"publish","type":"product","link":"https:\/\/frisoersvenningsen.dk\/?product=t-shirt","title":{"rendered":"Volume Mousse \/ Maximize Spray"},"content":{"rendered":"<p>VOLUME MOUSSE<\/p>\n<p>Denne skum indeholder et l\u00e6kkert hold og fibre der g\u00f8r den unik. Fedter ikke men heller ikke en alm. t\u00f8r skum, skal pr\u00f8ves.<\/p>\n<p>MAXIMIZE SPRAY<\/p>\n<p>Denne spray er unik, den har effekten af t\u00f8r shampoo og v\u00e5d og giver ogs\u00e5 volume. Nem at vaske ud. <\/p>\n","protected":false},"excerpt":{"rendered":"<p>VOLUME MOUSSE Denne skum indeholder et l\u00e6kkert hold og fibre der g\u00f8r den unik. Fedter ikke men heller ikke en alm. t\u00f8r skum, skal pr\u00f8ves. MAXIMIZE SPRAY Denne spray er unik, den har effekten af t\u00f8r shampoo og v\u00e5d og giver ogs\u00e5 volume. Nem at vaske ud.<\/p>\n","protected":false},"featured_media":155,"template":"","meta":[],"product_cat":[16],"product_tag":[],"_links":{"self":[{"href":"https:\/\/frisoersvenningsen.dk\/index.php?rest_route=\/wp\/v2\/product\/52"}],"collection":[{"href":"https:\/\/frisoersvenningsen.dk\/index.php?rest_route=\/wp\/v2\/product"}],"about":[{"href":"https:\/\/frisoersvenningsen.dk\/index.php?rest_route=\/wp\/v2\/types\/product"}],"wp:featuredmedia":[{"embeddable":true,"href":"https:\/\/frisoersvenningsen.dk\/index.php?rest_route=\/wp\/v2\/media\/155"}],"wp:attachment":[{"href":"https:\/\/frisoersvenningsen.dk\/index.php?rest_route=%2Fwp%2Fv2%2Fmedia&parent=52"}],"wp:term":[{"taxonomy":"product_cat","embeddable":true,"href":"https:\/\/frisoersvenningsen.dk\/index.php?rest_route=%2Fwp%2Fv2%2Fproduct_cat&post=52"},{"taxonomy":"product_tag","embeddable":true,"href":"https:\/\/frisoersvenningsen.dk\/index.php?rest_route=%2Fwp%2Fv2%2Fproduct_tag&post=52"}],"curies":[{"name":"wp","href":"https:\/\/api.w.org\/{rel}","templated":true}]}}