{"id":51,"date":"2020-09-30T22:55:09","date_gmt":"2020-09-30T20:55:09","guid":{"rendered":"http:\/\/web02.specifx.dk\/?product=import-placeholder-for-46"},"modified":"2020-12-17T12:10:13","modified_gmt":"2020-12-17T11:10:13","slug":"hoodie-with-logo","status":"publish","type":"product","link":"https:\/\/frisoersvenningsen.dk\/?product=hoodie-with-logo","title":{"rendered":"True Divinity MK2"},"content":{"rendered":"<p>Disse stylingejern giver flot blankt h\u00e5r n\u00e5r man glatter og n\u00e5r man kr\u00f8ller f\u00e5r man kr\u00f8ller der holder hele dagen.<br \/>\nDer er 5 \u00e5rs garanti hvor andre jern kun har 2 \u00e5r.<\/p>\n","protected":false},"excerpt":{"rendered":"<p>Disse stylingejern giver flot blankt h\u00e5r n\u00e5r man glatter og n\u00e5r man kr\u00f8ller f\u00e5r man kr\u00f8ller der holder hele dagen. Der er 5 \u00e5rs garanti hvor andre jern kun har 2 \u00e5r.<\/p>\n","protected":false},"featured_media":154,"template":"","meta":[],"product_cat":[16],"product_tag":[],"_links":{"self":[{"href":"https:\/\/frisoersvenningsen.dk\/index.php?rest_route=\/wp\/v2\/product\/51"}],"collection":[{"href":"https:\/\/frisoersvenningsen.dk\/index.php?rest_route=\/wp\/v2\/product"}],"about":[{"href":"https:\/\/frisoersvenningsen.dk\/index.php?rest_route=\/wp\/v2\/types\/product"}],"wp:featuredmedia":[{"embeddable":true,"href":"https:\/\/frisoersvenningsen.dk\/index.php?rest_route=\/wp\/v2\/media\/154"}],"wp:attachment":[{"href":"https:\/\/frisoersvenningsen.dk\/index.php?rest_route=%2Fwp%2Fv2%2Fmedia&parent=51"}],"wp:term":[{"taxonomy":"product_cat","embeddable":true,"href":"https:\/\/frisoersvenningsen.dk\/index.php?rest_route=%2Fwp%2Fv2%2Fproduct_cat&post=51"},{"taxonomy":"product_tag","embeddable":true,"href":"https:\/\/frisoersvenningsen.dk\/index.php?rest_route=%2Fwp%2Fv2%2Fproduct_tag&post=51"}],"curies":[{"name":"wp","href":"https:\/\/api.w.org\/{rel}","templated":true}]}}