{"id":49,"date":"2020-09-30T22:55:09","date_gmt":"2020-09-30T20:55:09","guid":{"rendered":"http:\/\/web02.specifx.dk\/?product=import-placeholder-for-44"},"modified":"2021-04-11T18:32:08","modified_gmt":"2021-04-11T16:32:08","slug":"v-neck-t-shirt","status":"publish","type":"product","link":"https:\/\/frisoersvenningsen.dk\/?product=v-neck-t-shirt","title":{"rendered":"HH Simonsen Generation #2 Brushes"},"content":{"rendered":"<p>Denne b\u00f8rste er i familie med weet brush, dem her kan t\u00e5le op til 160 grader varme fra f\u00f8nt\u00f8rreren og fordi den har vildsvine bliver h\u00e5ret s\u00e5 flot blank ogs\u00e5. <\/p>\n","protected":false},"excerpt":{"rendered":"<p>Denne b\u00f8rste er i familie med weet brush, dem her kan t\u00e5le op til 160 grader varme fra f\u00f8nt\u00f8rreren og fordi den har vildsvine bliver h\u00e5ret s\u00e5 flot blank ogs\u00e5.<\/p>\n","protected":false},"featured_media":219,"template":"","meta":[],"product_cat":[16],"product_tag":[],"_links":{"self":[{"href":"https:\/\/frisoersvenningsen.dk\/index.php?rest_route=\/wp\/v2\/product\/49"}],"collection":[{"href":"https:\/\/frisoersvenningsen.dk\/index.php?rest_route=\/wp\/v2\/product"}],"about":[{"href":"https:\/\/frisoersvenningsen.dk\/index.php?rest_route=\/wp\/v2\/types\/product"}],"wp:featuredmedia":[{"embeddable":true,"href":"https:\/\/frisoersvenningsen.dk\/index.php?rest_route=\/wp\/v2\/media\/219"}],"wp:attachment":[{"href":"https:\/\/frisoersvenningsen.dk\/index.php?rest_route=%2Fwp%2Fv2%2Fmedia&parent=49"}],"wp:term":[{"taxonomy":"product_cat","embeddable":true,"href":"https:\/\/frisoersvenningsen.dk\/index.php?rest_route=%2Fwp%2Fv2%2Fproduct_cat&post=49"},{"taxonomy":"product_tag","embeddable":true,"href":"https:\/\/frisoersvenningsen.dk\/index.php?rest_route=%2Fwp%2Fv2%2Fproduct_tag&post=49"}],"curies":[{"name":"wp","href":"https:\/\/api.w.org\/{rel}","templated":true}]}}